{"id":7906,"date":"2026-03-13T13:50:57","date_gmt":"2026-03-13T12:50:57","guid":{"rendered":"https:\/\/fisiosaludchamberi.es\/?post_type=product&#038;p=7906"},"modified":"2026-03-25T11:39:11","modified_gmt":"2026-03-25T10:39:11","slug":"prueba-tpv","status":"publish","type":"product","link":"https:\/\/fisiosaludchamberi.es\/fr\/produit\/prueba-tpv\/","title":{"rendered":"prueba tpv"},"content":{"rendered":"<p data-start=\"1306\" data-end=\"1732\">Si buscas un tratamiento m\u00e1s completo y prolongado, nuestra sesi\u00f3n de fisioterapia de 1 hora es ideal para ti. En esta sesi\u00f3n, un fisioterapeuta especializado trabajar\u00e1 en profundidad para aliviar el dolor, tratar lesiones, mejorar la postura y prevenir futuras molestias. Es perfecta para deportistas, personas con dolencias cr\u00f3nicas o quienes requieren un enfoque m\u00e1s detallado en su recuperaci\u00f3n.<\/p>\n<p data-start=\"1734\" data-end=\"1966\">Puedes reservar una sesi\u00f3n por 60\u20ac, o aprovechar nuestros bonos con descuento: 5 sesiones por 250\u20ac (ahorro de 50\u20ac) y 10 sesiones por 480\u20ac (ahorro de 120\u20ac). Invierte en tu salud con sesiones adaptadas a tus necesidades y objetivos.<\/p>","protected":false},"excerpt":{"rendered":"<p data-start=\"1306\" data-end=\"1732\">Si vous souhaitez un traitement plus complet et plus long, notre s\u00e9ance de physioth\u00e9rapie d'une heure est id\u00e9ale pour vous.<\/p>\n<p data-start=\"1306\" data-end=\"1732\">Vous pouvez r\u00e9server une s\u00e9ance pour 60 euros ou profiter de nos bons de r\u00e9duction : 5 s\u00e9ances pour 250 euros (\u00e9conomie de 50 euros) et 10 s\u00e9ances pour 480 euros (\u00e9conomie de 120 euros).<\/p>\n<p data-start=\"1306\" data-end=\"1732\"><strong>Avec Klarna, vous pouvez d\u00e9sormais payer vos primes en 3 mois. Uniquement en ligne, pas disponible \u00e0 la clinique.<\/strong><\/p>","protected":false},"featured_media":7795,"template":"","meta":{"_joinchat":[]},"product_brand":[],"product_cat":[22],"product_tag":[],"class_list":{"0":"post-7906","1":"product","2":"type-product","3":"status-publish","4":"has-post-thumbnail","6":"product_cat-tienda","8":"first","9":"instock","10":"virtual","11":"purchasable","12":"product-type-simple"},"yoast_head":"<!-- This site is optimized with the Yoast SEO plugin v27.3 - https:\/\/yoast.com\/product\/yoast-seo-wordpress\/ -->\n<title>prueba tpv - Fisiosalud<\/title>\n<meta name=\"description\" content=\"Si buscas un tratamiento m\u00e1s completo y prolongado, nuestra sesi\u00f3n de fisioterapia de 1 hora es ideal para ti.\r\nPuedes reservar una sesi\u00f3n por 60\u20ac, o aprovechar nuestros bonos con descuento: 5 sesiones por 250\u20ac (ahorro de 50\u20ac) y 10 sesiones por 480\u20ac (ahorro de 120\u20ac).\r\nAhora paga tus bonos en 3 meses con Klarna. Solo Online, no disponible en la cl\u00ednica.\" \/>\n<meta name=\"robots\" content=\"index, follow, max-snippet:-1, max-image-preview:large, max-video-preview:-1\" \/>\n<link rel=\"canonical\" href=\"https:\/\/fisiosaludchamberi.es\/fr\/producto\/prueba-tpv\/\" \/>\n<meta property=\"og:locale\" content=\"fr_FR\" \/>\n<meta property=\"og:type\" content=\"article\" \/>\n<meta property=\"og:title\" content=\"prueba tpv - Fisiosalud\" \/>\n<meta property=\"og:description\" content=\"Si buscas un tratamiento m\u00e1s completo y prolongado, nuestra sesi\u00f3n de fisioterapia de 1 hora es ideal para ti.\" \/>\n<meta property=\"og:url\" content=\"https:\/\/fisiosaludchamberi.es\/fr\/producto\/prueba-tpv\/\" \/>\n<meta property=\"og:site_name\" content=\"Fisiosalud\" \/>\n<meta property=\"article:modified_time\" content=\"2026-03-25T10:39:11+00:00\" \/>\n<meta property=\"og:image\" content=\"https:\/\/fisiosaludchamberi.es\/wp-content\/uploads\/2026\/02\/Terapia-manual-para-disfuncion-temporomandibular.png\" \/>\n\t<meta property=\"og:image:width\" content=\"1536\" \/>\n\t<meta property=\"og:image:height\" content=\"1024\" \/>\n\t<meta property=\"og:image:type\" content=\"image\/png\" \/>\n<meta name=\"twitter:card\" content=\"summary_large_image\" \/>\n<meta name=\"twitter:label1\" content=\"Dur\u00e9e de lecture estim\u00e9e\" \/>\n\t<meta name=\"twitter:data1\" content=\"1 minute\" \/>\n<script type=\"application\/ld+json\" class=\"yoast-schema-graph\">{\"@context\":\"https:\\\/\\\/schema.org\",\"@graph\":[{\"@type\":\"WebPage\",\"@id\":\"https:\\\/\\\/fisiosaludchamberi.es\\\/producto\\\/prueba-tpv\\\/\",\"url\":\"https:\\\/\\\/fisiosaludchamberi.es\\\/producto\\\/prueba-tpv\\\/\",\"name\":\"prueba tpv - Fisiosalud\",\"isPartOf\":{\"@id\":\"https:\\\/\\\/fisiosaludchamberi.es\\\/#website\"},\"primaryImageOfPage\":{\"@id\":\"https:\\\/\\\/fisiosaludchamberi.es\\\/producto\\\/prueba-tpv\\\/#primaryimage\"},\"image\":{\"@id\":\"https:\\\/\\\/fisiosaludchamberi.es\\\/producto\\\/prueba-tpv\\\/#primaryimage\"},\"thumbnailUrl\":\"https:\\\/\\\/fisiosaludchamberi.es\\\/wp-content\\\/uploads\\\/2026\\\/02\\\/Terapia-manual-para-disfuncion-temporomandibular.png\",\"datePublished\":\"2026-03-13T12:50:57+00:00\",\"dateModified\":\"2026-03-25T10:39:11+00:00\",\"description\":\"Si buscas un tratamiento m\u00e1s completo y prolongado, nuestra sesi\u00f3n de fisioterapia de 1 hora es ideal para ti.\",\"breadcrumb\":{\"@id\":\"https:\\\/\\\/fisiosaludchamberi.es\\\/producto\\\/prueba-tpv\\\/#breadcrumb\"},\"inLanguage\":\"fr-FR\",\"potentialAction\":[{\"@type\":\"ReadAction\",\"target\":[\"https:\\\/\\\/fisiosaludchamberi.es\\\/producto\\\/prueba-tpv\\\/\"]}]},{\"@type\":\"ImageObject\",\"inLanguage\":\"fr-FR\",\"@id\":\"https:\\\/\\\/fisiosaludchamberi.es\\\/producto\\\/prueba-tpv\\\/#primaryimage\",\"url\":\"https:\\\/\\\/fisiosaludchamberi.es\\\/wp-content\\\/uploads\\\/2026\\\/02\\\/Terapia-manual-para-disfuncion-temporomandibular.png\",\"contentUrl\":\"https:\\\/\\\/fisiosaludchamberi.es\\\/wp-content\\\/uploads\\\/2026\\\/02\\\/Terapia-manual-para-disfuncion-temporomandibular.png\",\"width\":1536,\"height\":1024},{\"@type\":\"BreadcrumbList\",\"@id\":\"https:\\\/\\\/fisiosaludchamberi.es\\\/producto\\\/prueba-tpv\\\/#breadcrumb\",\"itemListElement\":[{\"@type\":\"ListItem\",\"position\":1,\"name\":\"Portada\",\"item\":\"https:\\\/\\\/fisiosaludchamberi.es\\\/\"},{\"@type\":\"ListItem\",\"position\":2,\"name\":\"Tienda\",\"item\":\"https:\\\/\\\/fisiosaludchamberi.es\\\/tienda\\\/\"},{\"@type\":\"ListItem\",\"position\":3,\"name\":\"prueba tpv\"}]},{\"@type\":\"WebSite\",\"@id\":\"https:\\\/\\\/fisiosaludchamberi.es\\\/#website\",\"url\":\"https:\\\/\\\/fisiosaludchamberi.es\\\/\",\"name\":\"Fisiosalud\",\"description\":\"Cl\u00ednica de Fisioterapia y Pilates Terap\u00e9utico en Madrid\",\"publisher\":{\"@id\":\"https:\\\/\\\/fisiosaludchamberi.es\\\/#organization\"},\"potentialAction\":[{\"@type\":\"SearchAction\",\"target\":{\"@type\":\"EntryPoint\",\"urlTemplate\":\"https:\\\/\\\/fisiosaludchamberi.es\\\/?s={search_term_string}\"},\"query-input\":{\"@type\":\"PropertyValueSpecification\",\"valueRequired\":true,\"valueName\":\"search_term_string\"}}],\"inLanguage\":\"fr-FR\"},{\"@type\":\"Organization\",\"@id\":\"https:\\\/\\\/fisiosaludchamberi.es\\\/#organization\",\"name\":\"Fisiosalud\",\"url\":\"https:\\\/\\\/fisiosaludchamberi.es\\\/\",\"logo\":{\"@type\":\"ImageObject\",\"inLanguage\":\"fr-FR\",\"@id\":\"https:\\\/\\\/fisiosaludchamberi.es\\\/#\\\/schema\\\/logo\\\/image\\\/\",\"url\":\"https:\\\/\\\/fisiosaludchamberi.es\\\/wp-content\\\/uploads\\\/2025\\\/02\\\/negro.png\",\"contentUrl\":\"https:\\\/\\\/fisiosaludchamberi.es\\\/wp-content\\\/uploads\\\/2025\\\/02\\\/negro.png\",\"width\":2356,\"height\":442,\"caption\":\"Fisiosalud\"},\"image\":{\"@id\":\"https:\\\/\\\/fisiosaludchamberi.es\\\/#\\\/schema\\\/logo\\\/image\\\/\"}}]}<\/script>\n<!-- \/ Yoast SEO plugin. -->","yoast_head_json":{"title":"prueba tpv - Fisiosalud","description":"Si buscas un tratamiento m\u00e1s completo y prolongado, nuestra sesi\u00f3n de fisioterapia de 1 hora es ideal para ti.\r\nPuedes reservar una sesi\u00f3n por 60\u20ac, o aprovechar nuestros bonos con descuento: 5 sesiones por 250\u20ac (ahorro de 50\u20ac) y 10 sesiones por 480\u20ac (ahorro de 120\u20ac).\r\nAhora paga tus bonos en 3 meses con Klarna. Solo Online, no disponible en la cl\u00ednica.","robots":{"index":"index","follow":"follow","max-snippet":"max-snippet:-1","max-image-preview":"max-image-preview:large","max-video-preview":"max-video-preview:-1"},"canonical":"https:\/\/fisiosaludchamberi.es\/fr\/producto\/prueba-tpv\/","og_locale":"fr_FR","og_type":"article","og_title":"prueba tpv - Fisiosalud","og_description":"Si buscas un tratamiento m\u00e1s completo y prolongado, nuestra sesi\u00f3n de fisioterapia de 1 hora es ideal para ti.","og_url":"https:\/\/fisiosaludchamberi.es\/fr\/producto\/prueba-tpv\/","og_site_name":"Fisiosalud","article_modified_time":"2026-03-25T10:39:11+00:00","og_image":[{"width":1536,"height":1024,"url":"https:\/\/fisiosaludchamberi.es\/wp-content\/uploads\/2026\/02\/Terapia-manual-para-disfuncion-temporomandibular.png","type":"image\/png"}],"twitter_card":"summary_large_image","twitter_misc":{"Dur\u00e9e de lecture estim\u00e9e":"1 minute"},"schema":{"@context":"https:\/\/schema.org","@graph":[{"@type":"WebPage","@id":"https:\/\/fisiosaludchamberi.es\/producto\/prueba-tpv\/","url":"https:\/\/fisiosaludchamberi.es\/producto\/prueba-tpv\/","name":"prueba tpv - Fisiosalud","isPartOf":{"@id":"https:\/\/fisiosaludchamberi.es\/#website"},"primaryImageOfPage":{"@id":"https:\/\/fisiosaludchamberi.es\/producto\/prueba-tpv\/#primaryimage"},"image":{"@id":"https:\/\/fisiosaludchamberi.es\/producto\/prueba-tpv\/#primaryimage"},"thumbnailUrl":"https:\/\/fisiosaludchamberi.es\/wp-content\/uploads\/2026\/02\/Terapia-manual-para-disfuncion-temporomandibular.png","datePublished":"2026-03-13T12:50:57+00:00","dateModified":"2026-03-25T10:39:11+00:00","description":"Si vous souhaitez un traitement plus complet et plus long, notre s\u00e9ance de physioth\u00e9rapie d'une heure est id\u00e9ale pour vous.","breadcrumb":{"@id":"https:\/\/fisiosaludchamberi.es\/producto\/prueba-tpv\/#breadcrumb"},"inLanguage":"fr-FR","potentialAction":[{"@type":"ReadAction","target":["https:\/\/fisiosaludchamberi.es\/producto\/prueba-tpv\/"]}]},{"@type":"ImageObject","inLanguage":"fr-FR","@id":"https:\/\/fisiosaludchamberi.es\/producto\/prueba-tpv\/#primaryimage","url":"https:\/\/fisiosaludchamberi.es\/wp-content\/uploads\/2026\/02\/Terapia-manual-para-disfuncion-temporomandibular.png","contentUrl":"https:\/\/fisiosaludchamberi.es\/wp-content\/uploads\/2026\/02\/Terapia-manual-para-disfuncion-temporomandibular.png","width":1536,"height":1024},{"@type":"BreadcrumbList","@id":"https:\/\/fisiosaludchamberi.es\/producto\/prueba-tpv\/#breadcrumb","itemListElement":[{"@type":"ListItem","position":1,"name":"Portada","item":"https:\/\/fisiosaludchamberi.es\/"},{"@type":"ListItem","position":2,"name":"Tienda","item":"https:\/\/fisiosaludchamberi.es\/tienda\/"},{"@type":"ListItem","position":3,"name":"prueba tpv"}]},{"@type":"WebSite","@id":"https:\/\/fisiosaludchamberi.es\/#website","url":"https:\/\/fisiosaludchamberi.es\/","name":"Fisiosalud","description":"Clinique de physioth\u00e9rapie et de Pilates th\u00e9rapeutique \u00e0 Madrid","publisher":{"@id":"https:\/\/fisiosaludchamberi.es\/#organization"},"potentialAction":[{"@type":"SearchAction","target":{"@type":"EntryPoint","urlTemplate":"https:\/\/fisiosaludchamberi.es\/?s={search_term_string}"},"query-input":{"@type":"PropertyValueSpecification","valueRequired":true,"valueName":"search_term_string"}}],"inLanguage":"fr-FR"},{"@type":"Organization","@id":"https:\/\/fisiosaludchamberi.es\/#organization","name":"Fisiosalud","url":"https:\/\/fisiosaludchamberi.es\/","logo":{"@type":"ImageObject","inLanguage":"fr-FR","@id":"https:\/\/fisiosaludchamberi.es\/#\/schema\/logo\/image\/","url":"https:\/\/fisiosaludchamberi.es\/wp-content\/uploads\/2025\/02\/negro.png","contentUrl":"https:\/\/fisiosaludchamberi.es\/wp-content\/uploads\/2025\/02\/negro.png","width":2356,"height":442,"caption":"Fisiosalud"},"image":{"@id":"https:\/\/fisiosaludchamberi.es\/#\/schema\/logo\/image\/"}}]}},"_links":{"self":[{"href":"https:\/\/fisiosaludchamberi.es\/fr\/wp-json\/wp\/v2\/product\/7906","targetHints":{"allow":["GET"]}}],"collection":[{"href":"https:\/\/fisiosaludchamberi.es\/fr\/wp-json\/wp\/v2\/product"}],"about":[{"href":"https:\/\/fisiosaludchamberi.es\/fr\/wp-json\/wp\/v2\/types\/product"}],"wp:featuredmedia":[{"embeddable":true,"href":"https:\/\/fisiosaludchamberi.es\/fr\/wp-json\/wp\/v2\/media\/7795"}],"wp:attachment":[{"href":"https:\/\/fisiosaludchamberi.es\/fr\/wp-json\/wp\/v2\/media?parent=7906"}],"wp:term":[{"taxonomy":"product_brand","embeddable":true,"href":"https:\/\/fisiosaludchamberi.es\/fr\/wp-json\/wp\/v2\/product_brand?post=7906"},{"taxonomy":"product_cat","embeddable":true,"href":"https:\/\/fisiosaludchamberi.es\/fr\/wp-json\/wp\/v2\/product_cat?post=7906"},{"taxonomy":"product_tag","embeddable":true,"href":"https:\/\/fisiosaludchamberi.es\/fr\/wp-json\/wp\/v2\/product_tag?post=7906"}],"curies":[{"name":"wp","href":"https:\/\/api.w.org\/{rel}","templated":true}]}}