{"id":1080,"date":"2025-03-05T16:30:46","date_gmt":"2025-03-05T15:30:46","guid":{"rendered":"https:\/\/fisiosaludchamberi.es\/?post_type=product&#038;p=1080"},"modified":"2026-02-03T17:32:51","modified_gmt":"2026-02-03T16:32:51","slug":"sesion-duracion-45-minutos","status":"publish","type":"product","link":"https:\/\/fisiosaludchamberi.es\/fr\/produit\/sesion-duracion-45-minutos\/","title":{"rendered":"Dur\u00e9e de la session : 45 minutes"},"content":{"rendered":"<p>Nuestra sesi\u00f3n de fisioterapia de 45 minutos est\u00e1 enfocada en el tratamiento personalizado de lesiones, dolores musculares y problemas articulares. Un fisioterapeuta especializado trabajar\u00e1 contigo para reducir la inflamaci\u00f3n, mejorar la movilidad y optimizar tu bienestar f\u00edsico. Esta opci\u00f3n es ideal para quienes buscan una sesi\u00f3n efectiva y adaptada a sus necesidades sin prolongar demasiado el tiempo de tratamiento.<\/p>\n<p>Puedes optar por una sesi\u00f3n individual por 50\u20ac, o ahorrar con nuestros bonos: 5 sesiones por 210\u20ac (ahorro de 40\u20ac) y 10 sesiones por 390\u20ac (ahorro de 110\u20ac). Es la opci\u00f3n perfecta para quienes desean un tratamiento continuo y progresivo sin descuidar su salud.<\/p>","protected":false},"excerpt":{"rendered":"<p data-start=\"46\" data-end=\"300\">Traitement de physioth\u00e9rapie de 45 minutes de th\u00e9rapie manuelle et toutes les techniques de physioth\u00e9rapie invasive \u00e9coguid\u00e9e incluses.<\/p>\n<p data-start=\"46\" data-end=\"300\">R\u00e9ductions sur les bons de 5 (40\u20ac) et 10 s\u00e9ances (110\u20ac).<\/p>\n<p data-start=\"46\" data-end=\"300\"><strong>Avec Klarna, payez vos primes en 3 mois. Web uniquement, non disponible \u00e0 la clinique.<\/strong><\/p>\n<p data-start=\"302\" data-end=\"749\">","protected":false},"featured_media":7837,"template":"","meta":{"_joinchat":[]},"product_brand":[],"product_cat":[22],"product_tag":[],"class_list":{"0":"post-1080","1":"product","2":"type-product","3":"status-publish","4":"has-post-thumbnail","6":"product_cat-tienda","8":"first","9":"instock","10":"shipping-taxable","11":"purchasable","12":"product-type-variable"},"yoast_head":"<!-- This site is optimized with the Yoast SEO plugin v27.3 - https:\/\/yoast.com\/product\/yoast-seo-wordpress\/ -->\n<title>Sesi\u00f3n duraci\u00f3n 45 minutos - Fisiosalud<\/title>\n<meta name=\"description\" content=\"Tratamiento de fisioterapia de 45 minutos de Terapia Manual y todas las t\u00e9cnicas de Fisioterapia Invasiva Eco-guiada incluidas.\r\nDescuentos en bonos de 5 (40\u20ac )\u00a0 y 10 sesiones (110\u20ac ).\r\nAhora paga tus bonos en 3 meses con Klarna. Solo en web, no disponible en la cl\u00ednica.\" \/>\n<meta name=\"robots\" content=\"index, follow, max-snippet:-1, max-image-preview:large, max-video-preview:-1\" \/>\n<link rel=\"canonical\" href=\"https:\/\/fisiosaludchamberi.es\/fr\/producto\/sesion-duracion-45-minutos\/\" \/>\n<meta property=\"og:locale\" content=\"fr_FR\" \/>\n<meta property=\"og:type\" content=\"article\" \/>\n<meta property=\"og:title\" content=\"Sesi\u00f3n duraci\u00f3n 45 minutos - Fisiosalud\" \/>\n<meta property=\"og:description\" content=\"Nuestra sesi\u00f3n de fisioterapia de 45 minutos est\u00e1 enfocada en el tratamiento personalizado de lesiones, dolores musculares y problemas articulares. Un fisioterapeuta especializado\" \/>\n<meta property=\"og:url\" content=\"https:\/\/fisiosaludchamberi.es\/fr\/producto\/sesion-duracion-45-minutos\/\" \/>\n<meta property=\"og:site_name\" content=\"Fisiosalud\" \/>\n<meta property=\"article:modified_time\" content=\"2026-02-03T16:32:51+00:00\" \/>\n<meta property=\"og:image\" content=\"https:\/\/fisiosaludchamberi.es\/wp-content\/uploads\/2025\/03\/Terapia-de-puncion-seca-guiada.png\" \/>\n\t<meta property=\"og:image:width\" content=\"1024\" \/>\n\t<meta property=\"og:image:height\" content=\"1536\" \/>\n\t<meta property=\"og:image:type\" content=\"image\/png\" \/>\n<meta name=\"twitter:card\" content=\"summary_large_image\" \/>\n<meta name=\"twitter:label1\" content=\"Dur\u00e9e de lecture estim\u00e9e\" \/>\n\t<meta name=\"twitter:data1\" content=\"1 minute\" \/>\n<script type=\"application\/ld+json\" class=\"yoast-schema-graph\">{\"@context\":\"https:\\\/\\\/schema.org\",\"@graph\":[{\"@type\":\"WebPage\",\"@id\":\"https:\\\/\\\/fisiosaludchamberi.es\\\/producto\\\/sesion-duracion-45-minutos\\\/\",\"url\":\"https:\\\/\\\/fisiosaludchamberi.es\\\/producto\\\/sesion-duracion-45-minutos\\\/\",\"name\":\"Sesi\u00f3n duraci\u00f3n 45 minutos - Fisiosalud\",\"isPartOf\":{\"@id\":\"https:\\\/\\\/fisiosaludchamberi.es\\\/#website\"},\"primaryImageOfPage\":{\"@id\":\"https:\\\/\\\/fisiosaludchamberi.es\\\/producto\\\/sesion-duracion-45-minutos\\\/#primaryimage\"},\"image\":{\"@id\":\"https:\\\/\\\/fisiosaludchamberi.es\\\/producto\\\/sesion-duracion-45-minutos\\\/#primaryimage\"},\"thumbnailUrl\":\"https:\\\/\\\/fisiosaludchamberi.es\\\/wp-content\\\/uploads\\\/2025\\\/03\\\/Terapia-de-puncion-seca-guiada.png\",\"datePublished\":\"2025-03-05T15:30:46+00:00\",\"dateModified\":\"2026-02-03T16:32:51+00:00\",\"description\":\"Nuestra sesi\u00f3n de fisioterapia de 45 minutos est\u00e1 enfocada en el tratamiento personalizado de lesiones, dolores musculares y problemas articulares. Un fisioterapeuta especializado\",\"breadcrumb\":{\"@id\":\"https:\\\/\\\/fisiosaludchamberi.es\\\/producto\\\/sesion-duracion-45-minutos\\\/#breadcrumb\"},\"inLanguage\":\"fr-FR\",\"potentialAction\":[{\"@type\":\"ReadAction\",\"target\":[\"https:\\\/\\\/fisiosaludchamberi.es\\\/producto\\\/sesion-duracion-45-minutos\\\/\"]}]},{\"@type\":\"ImageObject\",\"inLanguage\":\"fr-FR\",\"@id\":\"https:\\\/\\\/fisiosaludchamberi.es\\\/producto\\\/sesion-duracion-45-minutos\\\/#primaryimage\",\"url\":\"https:\\\/\\\/fisiosaludchamberi.es\\\/wp-content\\\/uploads\\\/2025\\\/03\\\/Terapia-de-puncion-seca-guiada.png\",\"contentUrl\":\"https:\\\/\\\/fisiosaludchamberi.es\\\/wp-content\\\/uploads\\\/2025\\\/03\\\/Terapia-de-puncion-seca-guiada.png\",\"width\":1024,\"height\":1536},{\"@type\":\"BreadcrumbList\",\"@id\":\"https:\\\/\\\/fisiosaludchamberi.es\\\/producto\\\/sesion-duracion-45-minutos\\\/#breadcrumb\",\"itemListElement\":[{\"@type\":\"ListItem\",\"position\":1,\"name\":\"Portada\",\"item\":\"https:\\\/\\\/fisiosaludchamberi.es\\\/\"},{\"@type\":\"ListItem\",\"position\":2,\"name\":\"Tienda\",\"item\":\"https:\\\/\\\/fisiosaludchamberi.es\\\/tienda\\\/\"},{\"@type\":\"ListItem\",\"position\":3,\"name\":\"Sesi\u00f3n duraci\u00f3n 45 minutos\"}]},{\"@type\":\"WebSite\",\"@id\":\"https:\\\/\\\/fisiosaludchamberi.es\\\/#website\",\"url\":\"https:\\\/\\\/fisiosaludchamberi.es\\\/\",\"name\":\"Fisiosalud\",\"description\":\"Cl\u00ednica de Fisioterapia y Pilates Terap\u00e9utico en Madrid\",\"publisher\":{\"@id\":\"https:\\\/\\\/fisiosaludchamberi.es\\\/#organization\"},\"potentialAction\":[{\"@type\":\"SearchAction\",\"target\":{\"@type\":\"EntryPoint\",\"urlTemplate\":\"https:\\\/\\\/fisiosaludchamberi.es\\\/?s={search_term_string}\"},\"query-input\":{\"@type\":\"PropertyValueSpecification\",\"valueRequired\":true,\"valueName\":\"search_term_string\"}}],\"inLanguage\":\"fr-FR\"},{\"@type\":\"Organization\",\"@id\":\"https:\\\/\\\/fisiosaludchamberi.es\\\/#organization\",\"name\":\"Fisiosalud\",\"url\":\"https:\\\/\\\/fisiosaludchamberi.es\\\/\",\"logo\":{\"@type\":\"ImageObject\",\"inLanguage\":\"fr-FR\",\"@id\":\"https:\\\/\\\/fisiosaludchamberi.es\\\/#\\\/schema\\\/logo\\\/image\\\/\",\"url\":\"https:\\\/\\\/fisiosaludchamberi.es\\\/wp-content\\\/uploads\\\/2025\\\/02\\\/negro.png\",\"contentUrl\":\"https:\\\/\\\/fisiosaludchamberi.es\\\/wp-content\\\/uploads\\\/2025\\\/02\\\/negro.png\",\"width\":2356,\"height\":442,\"caption\":\"Fisiosalud\"},\"image\":{\"@id\":\"https:\\\/\\\/fisiosaludchamberi.es\\\/#\\\/schema\\\/logo\\\/image\\\/\"}}]}<\/script>\n<!-- \/ Yoast SEO plugin. -->","yoast_head_json":{"title":"Sesi\u00f3n duraci\u00f3n 45 minutos - Fisiosalud","description":"Tratamiento de fisioterapia de 45 minutos de Terapia Manual y todas las t\u00e9cnicas de Fisioterapia Invasiva Eco-guiada incluidas.\r\nDescuentos en bonos de 5 (40\u20ac )\u00a0 y 10 sesiones (110\u20ac ).\r\nAhora paga tus bonos en 3 meses con Klarna. Solo en web, no disponible en la cl\u00ednica.","robots":{"index":"index","follow":"follow","max-snippet":"max-snippet:-1","max-image-preview":"max-image-preview:large","max-video-preview":"max-video-preview:-1"},"canonical":"https:\/\/fisiosaludchamberi.es\/fr\/producto\/sesion-duracion-45-minutos\/","og_locale":"fr_FR","og_type":"article","og_title":"Sesi\u00f3n duraci\u00f3n 45 minutos - Fisiosalud","og_description":"Nuestra sesi\u00f3n de fisioterapia de 45 minutos est\u00e1 enfocada en el tratamiento personalizado de lesiones, dolores musculares y problemas articulares. Un fisioterapeuta especializado","og_url":"https:\/\/fisiosaludchamberi.es\/fr\/producto\/sesion-duracion-45-minutos\/","og_site_name":"Fisiosalud","article_modified_time":"2026-02-03T16:32:51+00:00","og_image":[{"width":1024,"height":1536,"url":"https:\/\/fisiosaludchamberi.es\/wp-content\/uploads\/2025\/03\/Terapia-de-puncion-seca-guiada.png","type":"image\/png"}],"twitter_card":"summary_large_image","twitter_misc":{"Dur\u00e9e de lecture estim\u00e9e":"1 minute"},"schema":{"@context":"https:\/\/schema.org","@graph":[{"@type":"WebPage","@id":"https:\/\/fisiosaludchamberi.es\/producto\/sesion-duracion-45-minutos\/","url":"https:\/\/fisiosaludchamberi.es\/producto\/sesion-duracion-45-minutos\/","name":"Sesi\u00f3n duraci\u00f3n 45 minutos - Fisiosalud","isPartOf":{"@id":"https:\/\/fisiosaludchamberi.es\/#website"},"primaryImageOfPage":{"@id":"https:\/\/fisiosaludchamberi.es\/producto\/sesion-duracion-45-minutos\/#primaryimage"},"image":{"@id":"https:\/\/fisiosaludchamberi.es\/producto\/sesion-duracion-45-minutos\/#primaryimage"},"thumbnailUrl":"https:\/\/fisiosaludchamberi.es\/wp-content\/uploads\/2025\/03\/Terapia-de-puncion-seca-guiada.png","datePublished":"2025-03-05T15:30:46+00:00","dateModified":"2026-02-03T16:32:51+00:00","description":"Nuestra sesi\u00f3n de fisioterapia de 45 minutos est\u00e1 enfocada en el tratamiento personalizado de lesiones, dolores musculares y problemas articulares. Un fisioterapeuta especializado","breadcrumb":{"@id":"https:\/\/fisiosaludchamberi.es\/producto\/sesion-duracion-45-minutos\/#breadcrumb"},"inLanguage":"fr-FR","potentialAction":[{"@type":"ReadAction","target":["https:\/\/fisiosaludchamberi.es\/producto\/sesion-duracion-45-minutos\/"]}]},{"@type":"ImageObject","inLanguage":"fr-FR","@id":"https:\/\/fisiosaludchamberi.es\/producto\/sesion-duracion-45-minutos\/#primaryimage","url":"https:\/\/fisiosaludchamberi.es\/wp-content\/uploads\/2025\/03\/Terapia-de-puncion-seca-guiada.png","contentUrl":"https:\/\/fisiosaludchamberi.es\/wp-content\/uploads\/2025\/03\/Terapia-de-puncion-seca-guiada.png","width":1024,"height":1536},{"@type":"BreadcrumbList","@id":"https:\/\/fisiosaludchamberi.es\/producto\/sesion-duracion-45-minutos\/#breadcrumb","itemListElement":[{"@type":"ListItem","position":1,"name":"Portada","item":"https:\/\/fisiosaludchamberi.es\/"},{"@type":"ListItem","position":2,"name":"Tienda","item":"https:\/\/fisiosaludchamberi.es\/tienda\/"},{"@type":"ListItem","position":3,"name":"Sesi\u00f3n duraci\u00f3n 45 minutos"}]},{"@type":"WebSite","@id":"https:\/\/fisiosaludchamberi.es\/#website","url":"https:\/\/fisiosaludchamberi.es\/","name":"Fisiosalud","description":"Clinique de physioth\u00e9rapie et de Pilates th\u00e9rapeutique \u00e0 Madrid","publisher":{"@id":"https:\/\/fisiosaludchamberi.es\/#organization"},"potentialAction":[{"@type":"SearchAction","target":{"@type":"EntryPoint","urlTemplate":"https:\/\/fisiosaludchamberi.es\/?s={search_term_string}"},"query-input":{"@type":"PropertyValueSpecification","valueRequired":true,"valueName":"search_term_string"}}],"inLanguage":"fr-FR"},{"@type":"Organization","@id":"https:\/\/fisiosaludchamberi.es\/#organization","name":"Fisiosalud","url":"https:\/\/fisiosaludchamberi.es\/","logo":{"@type":"ImageObject","inLanguage":"fr-FR","@id":"https:\/\/fisiosaludchamberi.es\/#\/schema\/logo\/image\/","url":"https:\/\/fisiosaludchamberi.es\/wp-content\/uploads\/2025\/02\/negro.png","contentUrl":"https:\/\/fisiosaludchamberi.es\/wp-content\/uploads\/2025\/02\/negro.png","width":2356,"height":442,"caption":"Fisiosalud"},"image":{"@id":"https:\/\/fisiosaludchamberi.es\/#\/schema\/logo\/image\/"}}]}},"_links":{"self":[{"href":"https:\/\/fisiosaludchamberi.es\/fr\/wp-json\/wp\/v2\/product\/1080","targetHints":{"allow":["GET"]}}],"collection":[{"href":"https:\/\/fisiosaludchamberi.es\/fr\/wp-json\/wp\/v2\/product"}],"about":[{"href":"https:\/\/fisiosaludchamberi.es\/fr\/wp-json\/wp\/v2\/types\/product"}],"wp:featuredmedia":[{"embeddable":true,"href":"https:\/\/fisiosaludchamberi.es\/fr\/wp-json\/wp\/v2\/media\/7837"}],"wp:attachment":[{"href":"https:\/\/fisiosaludchamberi.es\/fr\/wp-json\/wp\/v2\/media?parent=1080"}],"wp:term":[{"taxonomy":"product_brand","embeddable":true,"href":"https:\/\/fisiosaludchamberi.es\/fr\/wp-json\/wp\/v2\/product_brand?post=1080"},{"taxonomy":"product_cat","embeddable":true,"href":"https:\/\/fisiosaludchamberi.es\/fr\/wp-json\/wp\/v2\/product_cat?post=1080"},{"taxonomy":"product_tag","embeddable":true,"href":"https:\/\/fisiosaludchamberi.es\/fr\/wp-json\/wp\/v2\/product_tag?post=1080"}],"curies":[{"name":"wp","href":"https:\/\/api.w.org\/{rel}","templated":true}]}}