{"id":1091,"date":"2025-03-05T16:15:59","date_gmt":"2025-03-05T15:15:59","guid":{"rendered":"https:\/\/fisiosaludchamberi.es\/?post_type=product&#038;p=1091"},"modified":"2026-02-03T17:31:07","modified_gmt":"2026-02-03T16:31:07","slug":"diatermia","status":"publish","type":"product","link":"https:\/\/fisiosaludchamberi.es\/en\/product\/diatermia\/","title":{"rendered":"Indiba"},"content":{"rendered":"<p data-start=\"2220\" data-end=\"2626\">Indiba es una diatermia de terapia avanzada que utiliza ondas electromagn\u00e9ticas para generar calor profundo en los tejidos, favoreciendo la regeneraci\u00f3n celular, aliviando el dolor y reduciendo la inflamaci\u00f3n. Es especialmente efectiva para tratar lesiones musculares, articulares y problemas de circulaci\u00f3n, adem\u00e1s de ser un gran complemento a las sesiones de fisioterapia tradicional.<\/p>\n<p data-start=\"2628\" data-end=\"2901\" data-is-last-node=\"\" data-is-only-node=\"\">Cada sesi\u00f3n tiene un precio de 40\u20ac, pero si buscas un tratamiento m\u00e1s prolongado, puedes optar por nuestros bonos con descuento: 5 sesiones por 160\u20ac (ahorro de 40\u20ac) y 10 sesiones por 300\u20ac (ahorro de 100\u20ac). Recupera tu bienestar con una t\u00e9cnica segura, eficaz y no invasiva.<\/p>","protected":false},"excerpt":{"rendered":"<p data-start=\"1993\" data-end=\"2218\">Indiba sessions to accelerate muscle, joint and aesthetic recovery through deep heat. Reduces pain, improves circulation and firms tissues.<\/p>\n<p data-start=\"1993\" data-end=\"2218\">Discounted vouchers available.<\/p>\n<p data-start=\"1993\" data-end=\"2218\"><strong>Now you can pay your physiotherapy vouchers in 3 months interest free with Klarna. Only on the web, not available at the clinic.<\/strong><\/p>\n<p data-start=\"2220\" data-end=\"2626\">","protected":false},"featured_media":1180,"template":"","meta":{"_joinchat":[]},"product_brand":[],"product_cat":[22],"product_tag":[],"class_list":{"0":"post-1091","1":"product","2":"type-product","3":"status-publish","4":"has-post-thumbnail","6":"product_cat-tienda","8":"first","9":"instock","10":"shipping-taxable","11":"purchasable","12":"product-type-variable"},"yoast_head":"<!-- This site is optimized with the Yoast SEO plugin v27.3 - https:\/\/yoast.com\/product\/yoast-seo-wordpress\/ -->\n<title>Indiba - Fisiosalud<\/title>\n<meta name=\"description\" content=\"Sesiones Indiba para acelerar la recuperaci\u00f3n muscular, articular y est\u00e9tica mediante calor profundo. Reduce el dolor, mejora la circulaci\u00f3n y reafirma los tejidos.\r\nDisponibles bonos con descuento.\r\nAhora puedes pagar tus bonos de Fisioterapia en 3 meses sin intereses con Klarna. Solo en web, no disponible en cl\u00ednica.\" \/>\n<meta name=\"robots\" content=\"index, follow, max-snippet:-1, max-image-preview:large, max-video-preview:-1\" \/>\n<link rel=\"canonical\" href=\"https:\/\/fisiosaludchamberi.es\/en\/producto\/diatermia\/\" \/>\n<meta property=\"og:locale\" content=\"en_GB\" \/>\n<meta property=\"og:type\" content=\"article\" \/>\n<meta property=\"og:title\" content=\"Indiba - Fisiosalud\" \/>\n<meta property=\"og:description\" content=\"Indiba es una diatermia de terapia avanzada que utiliza ondas electromagn\u00e9ticas para generar calor profundo en los tejidos, favoreciendo la regeneraci\u00f3n celular, aliviando el dolor y reduciendo la inflamaci\u00f3n.\" \/>\n<meta property=\"og:url\" content=\"https:\/\/fisiosaludchamberi.es\/en\/producto\/diatermia\/\" \/>\n<meta property=\"og:site_name\" content=\"Fisiosalud\" \/>\n<meta property=\"article:modified_time\" content=\"2026-02-03T16:31:07+00:00\" \/>\n<meta property=\"og:image\" content=\"https:\/\/fisiosaludchamberi.es\/wp-content\/uploads\/2025\/04\/elite6.webp\" \/>\n\t<meta property=\"og:image:width\" content=\"900\" \/>\n\t<meta property=\"og:image:height\" content=\"600\" \/>\n\t<meta property=\"og:image:type\" content=\"image\/webp\" \/>\n<meta name=\"twitter:card\" content=\"summary_large_image\" \/>\n<meta name=\"twitter:label1\" content=\"Estimated reading time\" \/>\n\t<meta name=\"twitter:data1\" content=\"1 minute\" \/>\n<script type=\"application\/ld+json\" class=\"yoast-schema-graph\">{\"@context\":\"https:\\\/\\\/schema.org\",\"@graph\":[{\"@type\":\"WebPage\",\"@id\":\"https:\\\/\\\/fisiosaludchamberi.es\\\/producto\\\/diatermia\\\/\",\"url\":\"https:\\\/\\\/fisiosaludchamberi.es\\\/producto\\\/diatermia\\\/\",\"name\":\"Indiba - Fisiosalud\",\"isPartOf\":{\"@id\":\"https:\\\/\\\/fisiosaludchamberi.es\\\/#website\"},\"primaryImageOfPage\":{\"@id\":\"https:\\\/\\\/fisiosaludchamberi.es\\\/producto\\\/diatermia\\\/#primaryimage\"},\"image\":{\"@id\":\"https:\\\/\\\/fisiosaludchamberi.es\\\/producto\\\/diatermia\\\/#primaryimage\"},\"thumbnailUrl\":\"https:\\\/\\\/fisiosaludchamberi.es\\\/wp-content\\\/uploads\\\/2025\\\/04\\\/elite6.webp\",\"datePublished\":\"2025-03-05T15:15:59+00:00\",\"dateModified\":\"2026-02-03T16:31:07+00:00\",\"description\":\"Indiba es una diatermia de terapia avanzada que utiliza ondas electromagn\u00e9ticas para generar calor profundo en los tejidos, favoreciendo la regeneraci\u00f3n celular, aliviando el dolor y reduciendo la inflamaci\u00f3n.\",\"breadcrumb\":{\"@id\":\"https:\\\/\\\/fisiosaludchamberi.es\\\/producto\\\/diatermia\\\/#breadcrumb\"},\"inLanguage\":\"en-GB\",\"potentialAction\":[{\"@type\":\"ReadAction\",\"target\":[\"https:\\\/\\\/fisiosaludchamberi.es\\\/producto\\\/diatermia\\\/\"]}]},{\"@type\":\"ImageObject\",\"inLanguage\":\"en-GB\",\"@id\":\"https:\\\/\\\/fisiosaludchamberi.es\\\/producto\\\/diatermia\\\/#primaryimage\",\"url\":\"https:\\\/\\\/fisiosaludchamberi.es\\\/wp-content\\\/uploads\\\/2025\\\/04\\\/elite6.webp\",\"contentUrl\":\"https:\\\/\\\/fisiosaludchamberi.es\\\/wp-content\\\/uploads\\\/2025\\\/04\\\/elite6.webp\",\"width\":900,\"height\":600,\"caption\":\"chamberi indiba\"},{\"@type\":\"BreadcrumbList\",\"@id\":\"https:\\\/\\\/fisiosaludchamberi.es\\\/producto\\\/diatermia\\\/#breadcrumb\",\"itemListElement\":[{\"@type\":\"ListItem\",\"position\":1,\"name\":\"Portada\",\"item\":\"https:\\\/\\\/fisiosaludchamberi.es\\\/\"},{\"@type\":\"ListItem\",\"position\":2,\"name\":\"Tienda\",\"item\":\"https:\\\/\\\/fisiosaludchamberi.es\\\/tienda\\\/\"},{\"@type\":\"ListItem\",\"position\":3,\"name\":\"Indiba\"}]},{\"@type\":\"WebSite\",\"@id\":\"https:\\\/\\\/fisiosaludchamberi.es\\\/#website\",\"url\":\"https:\\\/\\\/fisiosaludchamberi.es\\\/\",\"name\":\"Fisiosalud\",\"description\":\"Cl\u00ednica de Fisioterapia y Pilates Terap\u00e9utico en Madrid\",\"publisher\":{\"@id\":\"https:\\\/\\\/fisiosaludchamberi.es\\\/#organization\"},\"potentialAction\":[{\"@type\":\"SearchAction\",\"target\":{\"@type\":\"EntryPoint\",\"urlTemplate\":\"https:\\\/\\\/fisiosaludchamberi.es\\\/?s={search_term_string}\"},\"query-input\":{\"@type\":\"PropertyValueSpecification\",\"valueRequired\":true,\"valueName\":\"search_term_string\"}}],\"inLanguage\":\"en-GB\"},{\"@type\":\"Organization\",\"@id\":\"https:\\\/\\\/fisiosaludchamberi.es\\\/#organization\",\"name\":\"Fisiosalud\",\"url\":\"https:\\\/\\\/fisiosaludchamberi.es\\\/\",\"logo\":{\"@type\":\"ImageObject\",\"inLanguage\":\"en-GB\",\"@id\":\"https:\\\/\\\/fisiosaludchamberi.es\\\/#\\\/schema\\\/logo\\\/image\\\/\",\"url\":\"https:\\\/\\\/fisiosaludchamberi.es\\\/wp-content\\\/uploads\\\/2025\\\/02\\\/negro.png\",\"contentUrl\":\"https:\\\/\\\/fisiosaludchamberi.es\\\/wp-content\\\/uploads\\\/2025\\\/02\\\/negro.png\",\"width\":2356,\"height\":442,\"caption\":\"Fisiosalud\"},\"image\":{\"@id\":\"https:\\\/\\\/fisiosaludchamberi.es\\\/#\\\/schema\\\/logo\\\/image\\\/\"}}]}<\/script>\n<!-- \/ Yoast SEO plugin. -->","yoast_head_json":{"title":"Indiba - Fisiosalud","description":"Sesiones Indiba para acelerar la recuperaci\u00f3n muscular, articular y est\u00e9tica mediante calor profundo. Reduce el dolor, mejora la circulaci\u00f3n y reafirma los tejidos.\r\nDisponibles bonos con descuento.\r\nAhora puedes pagar tus bonos de Fisioterapia en 3 meses sin intereses con Klarna. Solo en web, no disponible en cl\u00ednica.","robots":{"index":"index","follow":"follow","max-snippet":"max-snippet:-1","max-image-preview":"max-image-preview:large","max-video-preview":"max-video-preview:-1"},"canonical":"https:\/\/fisiosaludchamberi.es\/en\/producto\/diatermia\/","og_locale":"en_GB","og_type":"article","og_title":"Indiba - Fisiosalud","og_description":"Indiba es una diatermia de terapia avanzada que utiliza ondas electromagn\u00e9ticas para generar calor profundo en los tejidos, favoreciendo la regeneraci\u00f3n celular, aliviando el dolor y reduciendo la inflamaci\u00f3n.","og_url":"https:\/\/fisiosaludchamberi.es\/en\/producto\/diatermia\/","og_site_name":"Fisiosalud","article_modified_time":"2026-02-03T16:31:07+00:00","og_image":[{"width":900,"height":600,"url":"https:\/\/fisiosaludchamberi.es\/wp-content\/uploads\/2025\/04\/elite6.webp","type":"image\/webp"}],"twitter_card":"summary_large_image","twitter_misc":{"Estimated reading time":"1 minute"},"schema":{"@context":"https:\/\/schema.org","@graph":[{"@type":"WebPage","@id":"https:\/\/fisiosaludchamberi.es\/producto\/diatermia\/","url":"https:\/\/fisiosaludchamberi.es\/producto\/diatermia\/","name":"Indiba - Fisiosalud","isPartOf":{"@id":"https:\/\/fisiosaludchamberi.es\/#website"},"primaryImageOfPage":{"@id":"https:\/\/fisiosaludchamberi.es\/producto\/diatermia\/#primaryimage"},"image":{"@id":"https:\/\/fisiosaludchamberi.es\/producto\/diatermia\/#primaryimage"},"thumbnailUrl":"https:\/\/fisiosaludchamberi.es\/wp-content\/uploads\/2025\/04\/elite6.webp","datePublished":"2025-03-05T15:15:59+00:00","dateModified":"2026-02-03T16:31:07+00:00","description":"Indiba es una diatermia de terapia avanzada que utiliza ondas electromagn\u00e9ticas para generar calor profundo en los tejidos, favoreciendo la regeneraci\u00f3n celular, aliviando el dolor y reduciendo la inflamaci\u00f3n.","breadcrumb":{"@id":"https:\/\/fisiosaludchamberi.es\/producto\/diatermia\/#breadcrumb"},"inLanguage":"en-GB","potentialAction":[{"@type":"ReadAction","target":["https:\/\/fisiosaludchamberi.es\/producto\/diatermia\/"]}]},{"@type":"ImageObject","inLanguage":"en-GB","@id":"https:\/\/fisiosaludchamberi.es\/producto\/diatermia\/#primaryimage","url":"https:\/\/fisiosaludchamberi.es\/wp-content\/uploads\/2025\/04\/elite6.webp","contentUrl":"https:\/\/fisiosaludchamberi.es\/wp-content\/uploads\/2025\/04\/elite6.webp","width":900,"height":600,"caption":"chamberi indiba"},{"@type":"BreadcrumbList","@id":"https:\/\/fisiosaludchamberi.es\/producto\/diatermia\/#breadcrumb","itemListElement":[{"@type":"ListItem","position":1,"name":"Portada","item":"https:\/\/fisiosaludchamberi.es\/"},{"@type":"ListItem","position":2,"name":"Tienda","item":"https:\/\/fisiosaludchamberi.es\/tienda\/"},{"@type":"ListItem","position":3,"name":"Indiba"}]},{"@type":"WebSite","@id":"https:\/\/fisiosaludchamberi.es\/#website","url":"https:\/\/fisiosaludchamberi.es\/","name":"Fisiosalud","description":"Physiotherapy and Therapeutic Pilates Clinic in Madrid","publisher":{"@id":"https:\/\/fisiosaludchamberi.es\/#organization"},"potentialAction":[{"@type":"SearchAction","target":{"@type":"EntryPoint","urlTemplate":"https:\/\/fisiosaludchamberi.es\/?s={search_term_string}"},"query-input":{"@type":"PropertyValueSpecification","valueRequired":true,"valueName":"search_term_string"}}],"inLanguage":"en-GB"},{"@type":"Organization","@id":"https:\/\/fisiosaludchamberi.es\/#organization","name":"Fisiosalud","url":"https:\/\/fisiosaludchamberi.es\/","logo":{"@type":"ImageObject","inLanguage":"en-GB","@id":"https:\/\/fisiosaludchamberi.es\/#\/schema\/logo\/image\/","url":"https:\/\/fisiosaludchamberi.es\/wp-content\/uploads\/2025\/02\/negro.png","contentUrl":"https:\/\/fisiosaludchamberi.es\/wp-content\/uploads\/2025\/02\/negro.png","width":2356,"height":442,"caption":"Fisiosalud"},"image":{"@id":"https:\/\/fisiosaludchamberi.es\/#\/schema\/logo\/image\/"}}]}},"_links":{"self":[{"href":"https:\/\/fisiosaludchamberi.es\/en\/wp-json\/wp\/v2\/product\/1091","targetHints":{"allow":["GET"]}}],"collection":[{"href":"https:\/\/fisiosaludchamberi.es\/en\/wp-json\/wp\/v2\/product"}],"about":[{"href":"https:\/\/fisiosaludchamberi.es\/en\/wp-json\/wp\/v2\/types\/product"}],"wp:featuredmedia":[{"embeddable":true,"href":"https:\/\/fisiosaludchamberi.es\/en\/wp-json\/wp\/v2\/media\/1180"}],"wp:attachment":[{"href":"https:\/\/fisiosaludchamberi.es\/en\/wp-json\/wp\/v2\/media?parent=1091"}],"wp:term":[{"taxonomy":"product_brand","embeddable":true,"href":"https:\/\/fisiosaludchamberi.es\/en\/wp-json\/wp\/v2\/product_brand?post=1091"},{"taxonomy":"product_cat","embeddable":true,"href":"https:\/\/fisiosaludchamberi.es\/en\/wp-json\/wp\/v2\/product_cat?post=1091"},{"taxonomy":"product_tag","embeddable":true,"href":"https:\/\/fisiosaludchamberi.es\/en\/wp-json\/wp\/v2\/product_tag?post=1091"}],"curies":[{"name":"wp","href":"https:\/\/api.w.org\/{rel}","templated":true}]}}